{"id":8,"date":"2026-03-09T13:59:44","date_gmt":"2026-03-09T13:59:44","guid":{"rendered":"https:\/\/ingenjorerivast.se\/?page_id=8"},"modified":"2026-04-07T19:19:01","modified_gmt":"2026-04-07T17:19:01","slug":"ingenjorer-i-vast","status":"publish","type":"page","link":"https:\/\/ingenjorerivast.se\/","title":{"rendered":""},"content":{"rendered":"\n<h1 class=\"wp-block-heading has-text-align-center ext-animate--on is-style-text-display is-style-text-display--1\"><strong><a href=\"https:\/\/electa.eu.assemblyvoting.net\/candidacy\/si\/ingenjorsvalet2026\/en\/parties\/41\">Ingenj\u00f6rer i V\u00e4st<\/a><\/strong><br><br>st\u00e5r upp f\u00f6r dagens och framtidens ingenj\u00f6rer<\/h1>\n\n\n\n<p class=\"has-text-align-left ext-animate--on\" style=\"margin-top:1.5rem\">Vi arbetar f\u00f6r r\u00e4ttvisa l\u00f6ner, balans mellan arbete och fritid, samt trygghet genom kompetensutveckling och h\u00e5llbara villkor f\u00f6r alla ingenj\u00f6rer.<br><\/p>\n\n\n\n<p><strong><mark style=\"background-color:rgba(0, 0, 0, 0)\" class=\"has-inline-color has-contrast-color\">Vi verkar f\u00f6r:<\/mark><\/strong><\/p>\n\n\n\n<ul class=\"wp-block-list\">\n<li>&#8211; V\u00e4steuropeiska l\u00f6ner i V\u00e4stsverige<\/li>\n\n\n\n<li>&#8211; balans i livet: familj, arbete, fritid<\/li>\n\n\n\n<li>&#8211; trygghet genom kompetensutveckling och justa villkor<\/li>\n\n\n\n<li>&#8211; arbetsplatser med m\u00e5ngfald<\/li>\n\n\n\n<li>&#8211; stark svensk industri byggd p\u00e5 ingenj\u00f6rskonst<\/li>\n\n\n\n<li>&#8211; h\u00e5llbara milj\u00f6tekniska l\u00f6sningar<\/li>\n\n\n\n<li>&#8211; stimulera teknikintresset fr\u00e5n f\u00f6rskola genom hela skoltiden<\/li>\n<\/ul>\n","protected":false},"excerpt":{"rendered":"<p>Ingenj\u00f6rer i V\u00e4st st\u00e5r upp f\u00f6r dagens och framtidens ingenj\u00f6rer Vi arbetar f\u00f6r r\u00e4ttvisa l\u00f6ner, balans mellan arbete och fritid, samt trygghet genom kompetensutveckling och h\u00e5llbara villkor f\u00f6r alla ingenj\u00f6rer. Vi verkar f\u00f6r:<\/p>\n","protected":false},"author":1,"featured_media":0,"parent":0,"menu_order":0,"comment_status":"closed","ping_status":"closed","template":"","meta":{"footnotes":""},"class_list":["post-8","page","type-page","status-publish","hentry"],"_links":{"self":[{"href":"https:\/\/ingenjorerivast.se\/index.php\/wp-json\/wp\/v2\/pages\/8","targetHints":{"allow":["GET"]}}],"collection":[{"href":"https:\/\/ingenjorerivast.se\/index.php\/wp-json\/wp\/v2\/pages"}],"about":[{"href":"https:\/\/ingenjorerivast.se\/index.php\/wp-json\/wp\/v2\/types\/page"}],"author":[{"embeddable":true,"href":"https:\/\/ingenjorerivast.se\/index.php\/wp-json\/wp\/v2\/users\/1"}],"replies":[{"embeddable":true,"href":"https:\/\/ingenjorerivast.se\/index.php\/wp-json\/wp\/v2\/comments?post=8"}],"version-history":[{"count":26,"href":"https:\/\/ingenjorerivast.se\/index.php\/wp-json\/wp\/v2\/pages\/8\/revisions"}],"predecessor-version":[{"id":55,"href":"https:\/\/ingenjorerivast.se\/index.php\/wp-json\/wp\/v2\/pages\/8\/revisions\/55"}],"wp:attachment":[{"href":"https:\/\/ingenjorerivast.se\/index.php\/wp-json\/wp\/v2\/media?parent=8"}],"curies":[{"name":"wp","href":"https:\/\/api.w.org\/{rel}","templated":true}]}}